{"id":6,"date":"2026-04-28T16:00:39","date_gmt":"2026-04-28T16:00:39","guid":{"rendered":"https:\/\/renofront.pl\/?page_id=6"},"modified":"2026-04-28T16:00:39","modified_gmt":"2026-04-28T16:00:39","slug":"strona-glowna","status":"publish","type":"page","link":"https:\/\/renofront.pl\/","title":{"rendered":"Strona g\u0142\u00f3wna"},"content":{"rendered":"<p>Renowacja front\u00f3w PCV\/MDF z usuni\u0119ciem starej okleiny i malowaniem dwustronnym.<\/p>\n","protected":false},"excerpt":{"rendered":"<p>Renowacja front\u00f3w PCV\/MDF z usuni\u0119ciem starej okleiny i malowaniem dwustronnym.<\/p>\n","protected":false},"author":1,"featured_media":0,"parent":0,"menu_order":0,"comment_status":"closed","ping_status":"closed","template":"","meta":{"footnotes":""},"class_list":["post-6","page","type-page","status-publish","hentry"],"_links":{"self":[{"href":"https:\/\/renofront.pl\/index.php?rest_route=\/wp\/v2\/pages\/6","targetHints":{"allow":["GET"]}}],"collection":[{"href":"https:\/\/renofront.pl\/index.php?rest_route=\/wp\/v2\/pages"}],"about":[{"href":"https:\/\/renofront.pl\/index.php?rest_route=\/wp\/v2\/types\/page"}],"author":[{"embeddable":true,"href":"https:\/\/renofront.pl\/index.php?rest_route=\/wp\/v2\/users\/1"}],"replies":[{"embeddable":true,"href":"https:\/\/renofront.pl\/index.php?rest_route=%2Fwp%2Fv2%2Fcomments&post=6"}],"version-history":[{"count":0,"href":"https:\/\/renofront.pl\/index.php?rest_route=\/wp\/v2\/pages\/6\/revisions"}],"wp:attachment":[{"href":"https:\/\/renofront.pl\/index.php?rest_route=%2Fwp%2Fv2%2Fmedia&parent=6"}],"curies":[{"name":"wp","href":"https:\/\/api.w.org\/{rel}","templated":true}]}}